{"id":1906,"date":"2016-11-10T18:43:50","date_gmt":"2016-11-10T18:43:50","guid":{"rendered":"http:\/\/murren.ru\/templates\/WP\/go-arch\/go-arch-dark\/?page_id=1906"},"modified":"2024-02-13T09:52:14","modified_gmt":"2024-02-13T09:52:14","slug":"portfolio","status":"publish","type":"page","link":"https:\/\/preprod.mwrealestate.ch\/fr\/portfolio\/","title":{"rendered":"Portfolio"},"content":{"rendered":"<p>[vc_row css=\u00a0\u00bb.vc_custom_1499721763605{padding-bottom: 50px !important;}\u00a0\u00bb][vc_column]\n\n    <!-- Contacts -->\n\n\n    <main             class=\" main main-inner  main-projects bg-projects \"\n            data-stellar-background-ratio=\"0.6\">\n        <div class=\"container\">\n            <header class=\"main-header\">\n                <h1>PORTFOLIO<\/h1>\n\t\t\t\t                    <div class=\"project-title-info\">\n\t\t\t\t\t\t\n\n\t\t\t\t\t\t                    <\/div>\n\t\t\t\t            <\/header>\n        <\/div>\n\n        <!-- Lines -->\n\n        <div class=\"page-lines\">\n            <div class=\"container\">\n                <div class=\"col-line col-xs-4\">\n                    <div class=\"line\"><\/div>\n                <\/div>\n                <div class=\"col-line col-xs-4\">\n                    <div class=\"line\"><\/div>\n                <\/div>\n                <div class=\"col-line col-xs-4\">\n                    <div class=\"line\"><\/div>\n                    <div class=\"line\"><\/div>\n                <\/div>\n            <\/div>\n        <\/div>\n    <\/main>\n\t\n\n    <!-- Projects -->\n\n    <section  id=\"portfolio-projects-fr\"              class=\"projects \">\n        <div class=\"js-projects-gallery\">\n            <div class=\" projects_block row\">\n\t\t\t\t\n                        <div\n                                class=\"project project_item  col-sm-6 col-md-4 col-lg-3\">\n\t\t\t\t\t\t\t                            <a\n\t\t\t\t\t\t\t\t                                    class=\"link\"\n\t\t\t\t\t\t\t\t                                    href=\"https:\/\/preprod.mwrealestate.ch\/fr\/projects\/chalet-grange-luxueusement-restauree-megeve-mont-darbois\/\" title=\" Chalet &#8211; Grange luxueusement restaur\u00e9e <br> Meg\u00e8ve &#8211; Mont d\u2019Arbois\">\n                                <figure>\n\t\t\t\t\t\t\t\t\t<img width=\"480\" height=\"880\" src=\"https:\/\/preprod.mwrealestate.ch\/wp-content\/uploads\/2017\/10\/megeve-480x880.jpg\" class=\"attachment-goarch-image-480x880-croped size-goarch-image-480x880-croped wp-post-image\" alt=\"\" loading=\"lazy\" \/>\n                                    <figcaption>\n                                        <h3 class=\"project-title\">\n\t\t\t\t\t\t\t\t\t\t\tChalet &#8211; Grange luxueusement restaur\u00e9e <br> Meg\u00e8ve &#8211; Mont d\u2019Arbois                                        <\/h3>\n\t\t\t\t\t\t\t\t\t\t                                                <h4 class=\"project-category\">\n\t\t\t\t\t\t\t\t\t\t\t\t\tA vendre\n                                                <\/h4>\n\t\t\t\t\t\t\t\t\t\t\t\t                                        <div class=\"project-zoom\"><\/div>\n                                    <\/figcaption>\n                                <\/figure>\n                            <\/a>\n                        <\/div>\n\n\t\t\t\t\t\t\n                        <div\n                                class=\"project project_item  project-light col-sm-6 col-md-4 col-lg-3\">\n\t\t\t\t\t\t\t                            <a\n\t\t\t\t\t\t\t\t                                    class=\"link\"\n\t\t\t\t\t\t\t\t                                    href=\"https:\/\/preprod.mwrealestate.ch\/fr\/projects\/magnifique-attique-contemporain-centre-geneve\/\" title=\" Magnifique attique contemporain<br>Centre Gen\u00e8ve\">\n                                <figure>\n\t\t\t\t\t\t\t\t\t<img width=\"480\" height=\"880\" src=\"https:\/\/preprod.mwrealestate.ch\/wp-content\/uploads\/2017\/10\/piece-a-vivre-light-480x880.jpg\" class=\"attachment-goarch-image-480x880-croped size-goarch-image-480x880-croped wp-post-image\" alt=\"\" loading=\"lazy\" \/>\n                                    <figcaption>\n                                        <h3 class=\"project-title\">\n\t\t\t\t\t\t\t\t\t\t\tMagnifique attique contemporain<br>Centre Gen\u00e8ve                                        <\/h3>\n\t\t\t\t\t\t\t\t\t\t                                                <h4 class=\"project-category\">\n\t\t\t\t\t\t\t\t\t\t\t\t\tA vendre\n                                                <\/h4>\n\t\t\t\t\t\t\t\t\t\t\t\t                                        <div class=\"project-zoom\"><\/div>\n                                    <\/figcaption>\n                                <\/figure>\n                            <\/a>\n                        <\/div>\n\n\t\t\t\t\t\t\n                        <div\n                                class=\"project project_item  col-sm-6 col-md-4 col-lg-3\">\n\t\t\t\t\t\t\t                            <a\n\t\t\t\t\t\t\t\t                                    class=\"link\"\n\t\t\t\t\t\t\t\t                                    href=\"https:\/\/preprod.mwrealestate.ch\/fr\/projects\/investisseurs-un-lot-de-3-appartements-centre-ville-geneve-proche-lac\/\" title=\" Investisseurs<br>Un lot de 3 appartements<br>Centre-ville Gen\u00e8ve<br>Proche lac\">\n                                <figure>\n\t\t\t\t\t\t\t\t\t<img width=\"480\" height=\"880\" src=\"https:\/\/preprod.mwrealestate.ch\/wp-content\/uploads\/2017\/10\/investors-large-light-1-480x880.jpg\" class=\"attachment-goarch-image-480x880-croped size-goarch-image-480x880-croped wp-post-image\" alt=\"\" loading=\"lazy\" \/>\n                                    <figcaption>\n                                        <h3 class=\"project-title\">\n\t\t\t\t\t\t\t\t\t\t\tInvestisseurs<br>Un lot de 3 appartements<br>Centre-ville Gen\u00e8ve<br>Proche lac                                        <\/h3>\n\t\t\t\t\t\t\t\t\t\t                                                <h4 class=\"project-category\">\n\t\t\t\t\t\t\t\t\t\t\t\t\tA vendre\n                                                <\/h4>\n\t\t\t\t\t\t\t\t\t\t\t\t                                        <div class=\"project-zoom\"><\/div>\n                                    <\/figcaption>\n                                <\/figure>\n                            <\/a>\n                        <\/div>\n\n\t\t\t\t\t\t\n                        <div\n                                class=\"project project_item  project-light col-sm-6 col-md-4 col-lg-3\">\n\t\t\t\t\t\t\t                            <a\n\t\t\t\t\t\t\t\t                                    class=\"link\"\n\t\t\t\t\t\t\t\t                                    href=\"https:\/\/preprod.mwrealestate.ch\/fr\/projects\/investisseurs-magnifique-parcelle-entre-geneve-et-nyon\/\" title=\" Investisseurs<br>Magnifique parcelle<br>Entre Gen\u00e8ve et Nyon\">\n                                <figure>\n\t\t\t\t\t\t\t\t\t<img width=\"480\" height=\"880\" src=\"https:\/\/preprod.mwrealestate.ch\/wp-content\/uploads\/2017\/10\/img-4206-light-480x880.jpg\" class=\"attachment-goarch-image-480x880-croped size-goarch-image-480x880-croped wp-post-image\" alt=\"\" loading=\"lazy\" \/>\n                                    <figcaption>\n                                        <h3 class=\"project-title\">\n\t\t\t\t\t\t\t\t\t\t\tInvestisseurs<br>Magnifique parcelle<br>Entre Gen\u00e8ve et Nyon                                        <\/h3>\n\t\t\t\t\t\t\t\t\t\t                                                <h4 class=\"project-category\">\n\t\t\t\t\t\t\t\t\t\t\t\t\tA vendre\n                                                <\/h4>\n\t\t\t\t\t\t\t\t\t\t\t\t                                        <div class=\"project-zoom\"><\/div>\n                                    <\/figcaption>\n                                <\/figure>\n                            <\/a>\n                        <\/div>\n\n\t\t\t\t\t\t\n                        <div\n                                class=\"project project_item  col-sm-6 col-md-4 col-lg-3\">\n\t\t\t\t\t\t\t                            <a\n\t\t\t\t\t\t\t\t                                    class=\"link\"\n\t\t\t\t\t\t\t\t                                    href=\"https:\/\/preprod.mwrealestate.ch\/fr\/projects\/prestigieuse-propriete-entre-geneve-et-nyon\/\" title=\" Prestigieuse propri\u00e9t\u00e9<br>entre Gen\u00e8ve et Nyon\">\n                                <figure>\n\t\t\t\t\t\t\t\t\t<img width=\"480\" height=\"880\" src=\"https:\/\/preprod.mwrealestate.ch\/wp-content\/uploads\/2017\/10\/propriete-genevenyon-480x880.jpg\" class=\"attachment-goarch-image-480x880-croped size-goarch-image-480x880-croped wp-post-image\" alt=\"\" loading=\"lazy\" \/>\n                                    <figcaption>\n                                        <h3 class=\"project-title\">\n\t\t\t\t\t\t\t\t\t\t\tPrestigieuse propri\u00e9t\u00e9<br>entre Gen\u00e8ve et Nyon                                        <\/h3>\n\t\t\t\t\t\t\t\t\t\t                                                <h4 class=\"project-category\">\n\t\t\t\t\t\t\t\t\t\t\t\t\tA vendre\n                                                <\/h4>\n\t\t\t\t\t\t\t\t\t\t\t\t                                        <div class=\"project-zoom\"><\/div>\n                                    <\/figcaption>\n                                <\/figure>\n                            <\/a>\n                        <\/div>\n\n\t\t\t\t\t\t\n                        <div\n                                class=\"project project_item  project-light col-sm-6 col-md-4 col-lg-3\">\n\t\t\t\t\t\t\t                            <a\n\t\t\t\t\t\t\t\t                                    class=\"link\"\n\t\t\t\t\t\t\t\t                                    href=\"https:\/\/preprod.mwrealestate.ch\/fr\/projects\/prestigieuse-propriete-classique-centre-ville-geneve\/\" title=\" Prestigieuse propri\u00e9t\u00e9 classique<br>Centre-ville Gen\u00e8ve\">\n                                <figure>\n\t\t\t\t\t\t\t\t\t<img width=\"480\" height=\"880\" src=\"https:\/\/preprod.mwrealestate.ch\/wp-content\/uploads\/2017\/10\/classic-5-light-480x880.jpg\" class=\"attachment-goarch-image-480x880-croped size-goarch-image-480x880-croped wp-post-image\" alt=\"\" loading=\"lazy\" \/>\n                                    <figcaption>\n                                        <h3 class=\"project-title\">\n\t\t\t\t\t\t\t\t\t\t\tPrestigieuse propri\u00e9t\u00e9 classique<br>Centre-ville Gen\u00e8ve                                        <\/h3>\n\t\t\t\t\t\t\t\t\t\t                                                <h4 class=\"project-category\">\n\t\t\t\t\t\t\t\t\t\t\t\t\tA vendre\n                                                <\/h4>\n\t\t\t\t\t\t\t\t\t\t\t\t                                        <div class=\"project-zoom\"><\/div>\n                                    <\/figcaption>\n                                <\/figure>\n                            <\/a>\n                        <\/div>\n\n\t\t\t\t\t\t\n                        <div\n                                class=\"project project_item  col-sm-6 col-md-4 col-lg-3\">\n\t\t\t\t\t\t\t                            <a\n\t\t\t\t\t\t\t\t                                    class=\"link\"\n\t\t\t\t\t\t\t\t                                    href=\"https:\/\/preprod.mwrealestate.ch\/fr\/projects\/appartements-piscine\/\" title=\" Appartements &#8211; Piscine\">\n                                <figure>\n\t\t\t\t\t\t\t\t\t<img width=\"480\" height=\"880\" src=\"https:\/\/preprod.mwrealestate.ch\/wp-content\/uploads\/2017\/10\/renovation-480x880.jpg\" class=\"attachment-goarch-image-480x880-croped size-goarch-image-480x880-croped wp-post-image\" alt=\"\" loading=\"lazy\" \/>\n                                    <figcaption>\n                                        <h3 class=\"project-title\">\n\t\t\t\t\t\t\t\t\t\t\tAppartements &#8211; Piscine                                        <\/h3>\n\t\t\t\t\t\t\t\t\t\t                                                <h4 class=\"project-category\">\n\t\t\t\t\t\t\t\t\t\t\t\t\tPilotage et r\u00e9novation\n                                                <\/h4>\n\t\t\t\t\t\t\t\t\t\t\t\t                                        <div class=\"project-zoom\"><\/div>\n                                    <\/figcaption>\n                                <\/figure>\n                            <\/a>\n                        <\/div>\n\n\t\t\t\t\t\t\n                        <div\n                                class=\"project project_item  project-light col-sm-6 col-md-4 col-lg-3\">\n\t\t\t\t\t\t\t                            <a\n\t\t\t\t\t\t\t\t                                    class=\"link\"\n\t\t\t\t\t\t\t\t                                    href=\"https:\/\/preprod.mwrealestate.ch\/fr\/projects\/divers\/\" title=\" Divers\">\n                                <figure>\n\t\t\t\t\t\t\t\t\t<img width=\"480\" height=\"880\" src=\"https:\/\/preprod.mwrealestate.ch\/wp-content\/uploads\/2017\/10\/plan-upscale-480x880.jpg\" class=\"attachment-goarch-image-480x880-croped size-goarch-image-480x880-croped wp-post-image\" alt=\"\" loading=\"lazy\" \/>\n                                    <figcaption>\n                                        <h3 class=\"project-title\">\n\t\t\t\t\t\t\t\t\t\t\tDivers                                        <\/h3>\n\t\t\t\t\t\t\t\t\t\t                                                <h4 class=\"project-category\">\n\t\t\t\t\t\t\t\t\t\t\t\t\toptimisation surface\n                                                <\/h4>\n\t\t\t\t\t\t\t\t\t\t\t\t                                        <div class=\"project-zoom\"><\/div>\n                                    <\/figcaption>\n                                <\/figure>\n                            <\/a>\n                        <\/div>\n\n\t\t\t\t\t\t\n            <\/div>\n        <\/div>\n        <div class=\"section-content text-center\">\n            <a href=\"https:\/\/preprod.mwrealestate.ch\/fr\/projects\/divers\/\"\n               class=\"btn p-btn btn-gray\">Plus de projets<\/a><\/div>\n    <\/section>\n\n\t    <script>\n\n        jQuery(document).ready(function ($) {\n\n\n            var total =  0;\n            var ajax = true;\n            var count = 2;\n\n            $('.p-btn').click(function () {\n\n                jQuery(this).addClass('active2');\n                if (ajax) {\n                    if (count > total + count) {\n                        return false;\n                    } else {\n                        if ($(\"div\").is(\".no_posts_1\")) return;\n                        loadArticle(count);\n                        count++;\n\n                    }\n                    ajax = false;\n                }\n                return false;\n\n            });\n\n\n            function loadArticle(pageNumber) {\n\n                var ofset = $(\".projects_block \").length;\n                var posttype = \"projects\";\n                var cat = \"\";\n                var is_sticky = \"\";\n                var tag = '';\n\n                jQuery('.p-btn').attr('disabled', true);\n\n                $.ajax({\n                    url: \"https:\/\/preprod.mwrealestate.ch\/wp-admin\/admin-ajax.php\",\n                    type: 'POST',\n                    data: \"action=goarch_infinite_projects_scroll&page_no=\" + pageNumber + \"&ofset=\" + ofset +\n                    \"&cat=\" + cat + '&tag=' + tag + '&type=1&img_type=2' + \"&is_sticky=\" + is_sticky + \"&post_per_page=-1\" + \"&term=all\",\n                    success: function (html) {\n\n                        var $moreBlocks = jQuery(html).filter('.project_item');\n                        jQuery(\".projects_block\").append($moreBlocks);\n\n\n                        ajax = true;\n\n\n                    }\n                });\n                return false;\n            }\n\n\n        });\n    <\/script>\n\t[vc_btn title=\u00a0\u00bbInfos compl\u00e9mentaires\u00a0\u00bb align=\u00a0\u00bbcenter\u00a0\u00bb link=\u00a0\u00bburl:http%3A%2F%2Fmwrealestate.ch%2Ffr%2Fcontact%2F|||\u00a0\u00bb el_class=\u00a0\u00bbcta-btn\u00a0\u00bb css=\u00a0\u00bb.vc_custom_1508236794474{margin-top: 7.1em !important;}\u00a0\u00bb][\/vc_column][\/vc_row]<\/p>\n","protected":false},"excerpt":{"rendered":"<p>[\/vc_row]<\/p>\n","protected":false},"author":1,"featured_media":0,"parent":0,"menu_order":0,"comment_status":"closed","ping_status":"closed","template":"template-fullwidth.php","meta":[],"yoast_head":"<!-- This site is optimized with the Yoast SEO plugin v15.4 - https:\/\/yoast.com\/wordpress\/plugins\/seo\/ -->\n<title>Portfolio - MW Real Estate<\/title>\n<meta name=\"robots\" content=\"index, follow, max-snippet:-1, max-image-preview:large, max-video-preview:-1\" \/>\n<link rel=\"canonical\" href=\"https:\/\/preprod.mwrealestate.ch\/fr\/portfolio\/\" \/>\n<meta property=\"og:locale\" content=\"fr_FR\" \/>\n<meta property=\"og:type\" content=\"article\" \/>\n<meta property=\"og:title\" content=\"Portfolio - MW Real Estate\" \/>\n<meta property=\"og:description\" content=\"[\/vc_row]\" \/>\n<meta property=\"og:url\" content=\"https:\/\/preprod.mwrealestate.ch\/fr\/portfolio\/\" \/>\n<meta property=\"og:site_name\" content=\"MW Real Estate\" \/>\n<meta property=\"article:modified_time\" content=\"2024-02-13T09:52:14+00:00\" \/>\n<meta name=\"twitter:card\" content=\"summary\" \/>\n<meta name=\"twitter:label1\" content=\"\u00c9crit par\">\n\t<meta name=\"twitter:data1\" content=\"pavel\">\n\t<meta name=\"twitter:label2\" content=\"Dur\u00e9e de lecture est.\">\n\t<meta name=\"twitter:data2\" content=\"0 minutes\">\n<script type=\"application\/ld+json\" class=\"yoast-schema-graph\">{\"@context\":\"https:\/\/schema.org\",\"@graph\":[{\"@type\":\"WebSite\",\"@id\":\"https:\/\/preprod.mwrealestate.ch\/#website\",\"url\":\"https:\/\/preprod.mwrealestate.ch\/\",\"name\":\"MW Real Estate\",\"description\":\"Property management &amp; consulting\",\"potentialAction\":[{\"@type\":\"SearchAction\",\"target\":\"https:\/\/preprod.mwrealestate.ch\/?s={search_term_string}\",\"query-input\":\"required name=search_term_string\"}],\"inLanguage\":\"fr-FR\"},{\"@type\":\"WebPage\",\"@id\":\"https:\/\/preprod.mwrealestate.ch\/fr\/portfolio\/#webpage\",\"url\":\"https:\/\/preprod.mwrealestate.ch\/fr\/portfolio\/\",\"name\":\"Portfolio - MW Real Estate\",\"isPartOf\":{\"@id\":\"https:\/\/preprod.mwrealestate.ch\/#website\"},\"datePublished\":\"2016-11-10T18:43:50+00:00\",\"dateModified\":\"2024-02-13T09:52:14+00:00\",\"inLanguage\":\"fr-FR\",\"potentialAction\":[{\"@type\":\"ReadAction\",\"target\":[\"https:\/\/preprod.mwrealestate.ch\/fr\/portfolio\/\"]}]}]}<\/script>\n<!-- \/ Yoast SEO plugin. -->","_links":{"self":[{"href":"https:\/\/preprod.mwrealestate.ch\/fr\/wp-json\/wp\/v2\/pages\/1906"}],"collection":[{"href":"https:\/\/preprod.mwrealestate.ch\/fr\/wp-json\/wp\/v2\/pages"}],"about":[{"href":"https:\/\/preprod.mwrealestate.ch\/fr\/wp-json\/wp\/v2\/types\/page"}],"author":[{"embeddable":true,"href":"https:\/\/preprod.mwrealestate.ch\/fr\/wp-json\/wp\/v2\/users\/1"}],"replies":[{"embeddable":true,"href":"https:\/\/preprod.mwrealestate.ch\/fr\/wp-json\/wp\/v2\/comments?post=1906"}],"version-history":[{"count":27,"href":"https:\/\/preprod.mwrealestate.ch\/fr\/wp-json\/wp\/v2\/pages\/1906\/revisions"}],"predecessor-version":[{"id":2743,"href":"https:\/\/preprod.mwrealestate.ch\/fr\/wp-json\/wp\/v2\/pages\/1906\/revisions\/2743"}],"wp:attachment":[{"href":"https:\/\/preprod.mwrealestate.ch\/fr\/wp-json\/wp\/v2\/media?parent=1906"}],"curies":[{"name":"wp","href":"https:\/\/api.w.org\/{rel}","templated":true}]}}