{"id":1842,"date":"2016-11-08T14:11:05","date_gmt":"2016-11-08T14:11:05","guid":{"rendered":"http:\/\/murren.ru\/templates\/WP\/go-arch\/go-arch-dark\/?page_id=1842"},"modified":"2024-02-20T10:58:13","modified_gmt":"2024-02-20T10:58:13","slug":"a-propos","status":"publish","type":"page","link":"https:\/\/preprod.mwrealestate.ch\/fr\/a-propos\/","title":{"rendered":"\u00c0 Propos"},"content":{"rendered":"<p>[vc_row][vc_column]\n\n    <!-- Contacts -->\n\n\n    <main             class=\" vc_custom_1497971432988 main main-inner  bg-about \"\n            data-stellar-background-ratio=\"0.6\">\n        <div class=\"container\">\n            <header class=\"main-header\">\n                <h1>\u00c0 Propos<\/h1>\n\t\t\t\t                    <div class=\"project-title-info\">\n\t\t\t\t\t\t\n\n\t\t\t\t\t\t                    <\/div>\n\t\t\t\t            <\/header>\n        <\/div>\n\n        <!-- Lines -->\n\n        <div class=\"page-lines\">\n            <div class=\"container\">\n                <div class=\"col-line col-xs-4\">\n                    <div class=\"line\"><\/div>\n                <\/div>\n                <div class=\"col-line col-xs-4\">\n                    <div class=\"line\"><\/div>\n                <\/div>\n                <div class=\"col-line col-xs-4\">\n                    <div class=\"line\"><\/div>\n                    <div class=\"line\"><\/div>\n                <\/div>\n            <\/div>\n        <\/div>\n    <\/main>\n\t[vc_row_inner el_class=\u00a0\u00bbcontainer about-row\u00a0\u00bb css=\u00a0\u00bb.vc_custom_1504707844969{padding-top: 10% !important;padding-bottom: 5% !important;}\u00a0\u00bb][vc_column_inner][vc_column_text css=\u00a0\u00bb.vc_custom_1504709341054{padding-top: 25px !important;padding-bottom: 20px !important;}\u00a0\u00bb]<\/p>\n<h2 class=\"section-title\" style=\"text-align: center;\">Sabine Mutsaerts-Wortelboer<\/h2>\n<p>[\/vc_column_text][\/vc_column_inner][\/vc_row_inner][vc_row_inner el_class=\u00a0\u00bbcontainer about-row\u00a0\u00bb][vc_column_inner offset=\u00a0\u00bbvc_col-lg-4 vc_col-md-4&Prime;][vc_single_image image=\u00a0\u00bb2309&Prime; img_size=\u00a0\u00bbfull\u00a0\u00bb alignment=\u00a0\u00bbcenter\u00a0\u00bb][\/vc_column_inner][vc_column_inner offset=\u00a0\u00bbvc_col-lg-8 vc_col-md-8&Prime;][vc_column_text el_class=\u00a0\u00bbfont-22&Prime;]Dipl\u00f4m\u00e9e de l\u2019Ecole H\u00f4teli\u00e8re de Lausanne, binationale n\u00e9erlandaise et suisse, Sabine a v\u00e9cu pr\u00e8s de la moiti\u00e9 de sa vie \u00e0 l\u2019\u00e9tranger dont les Pays Bas, Paris et Singapour. Ses nombreux d\u00e9m\u00e9nagements et ce besoin \u00abd\u2019\u00eatre chez soi\u00bb ont d\u00e9finitivement contribu\u00e9 \u00e0 sa passion pour l\u2019immobilier, pour les am\u00e9nagements qu\u2019ils soient int\u00e9rieurs ou ext\u00e9rieurs et pour celle de la gestion des chantiers qui en d\u00e9coule.<br \/>\nD\u2019autre part, de par ses \u00e9tudes scientifiques, sa formation dans le service et ses activit\u00e9s dans le secteur de luxe dont Piaget (Groupe Richemont), Christie\u2019s et Finest Properties, Sabine a un relationnel spontan\u00e9 et la rigueur qui lui valent une client\u00e8le exigeante.[\/vc_column_text][\/vc_column_inner][\/vc_row_inner]\n\n    <!-- Services -->\n\n    <section  id=\"anchor-services\"              class=\"services section \">\n        <div class=\"container\">\n            <header class=\"section-header\">\n                <h2 class=\"section-title\"><span\n                            class=\"text-primary\"><\/span> Services                <\/h2>\n            <\/header>\n            <div class=\"section-content\">\n                <div class=\"row-services row-base row\">\n\t\t\t\t\t\n                            <div class=\"col-base col-service col-sm-6 col-md-4 wow fadeInUp\"\n                                 data-wow-delay=\"\">\n                                <div class=\"service-item\">\n\t\t\t\t\t\t\t\t\t                                        <img alt=\"\" src=\"https:\/\/preprod.mwrealestate.ch\/wp-content\/uploads\/2016\/11\/house-key-icon.png\">\n\t\t\t\t\t\t\t\t\t\n                                    <h4>MW PROPERTY MANAGEMENT &amp; BROKERAGE <\/h4>\n                                    <p>\u25cf \u00c9tablit une \u00e9valuation de votre propri\u00e9t\u00e9<br><br>\n\u25cf Partage les aspects l\u00e9gaux d\u2019acquisition et de vente, les diff\u00e9rentes structures juridiques des biens r\u00e9sidentiels, les incidences fiscales et options de financement respectives <br><br>\n\u25cf Mandat de recherche et de vente de propri\u00e9t\u00e9s r\u00e9sidentielles <br><br>\n\u25cf G\u00e8re votre propri\u00e9t\u00e9 en votre absence<\/p>\n                                <\/div>\n                            <\/div>\n\t\t\t\t\t\t\t\n                            <div class=\"col-base col-service col-sm-6 col-md-4 wow fadeInUp\"\n                                 data-wow-delay=\"0.3s\">\n                                <div class=\"service-item\">\n\t\t\t\t\t\t\t\t\t                                        <img alt=\"\" src=\"https:\/\/preprod.mwrealestate.ch\/wp-content\/uploads\/2011\/05\/brainstorming.png\">\n\t\t\t\t\t\t\t\t\t\n                                    <h4>MW CONSULTING<\/h4>\n                                    <p>\u25cf G\u00e8re les travaux de r\u00e9novation ainsi que le budget et les \u00e9ch\u00e9ances y relatifs avec le partenariat d\u2019architectes si n\u00e9cessaire<br><br>\n\u25cf Soutien l\u2019installation des clients dans la r\u00e9gion avec la recherche d\u2019un logement, \u00e9coles ainsi que les d\u00e9marches quotidiennes et administratives<\/p>\n                                <\/div>\n                            <\/div>\n\t\t\t\t\t\t\t\n                            <div class=\"col-base col-service col-sm-6 col-md-4 wow fadeInUp\"\n                                 data-wow-delay=\"0.3s\">\n                                <div class=\"service-item\">\n\t\t\t\t\t\t\t\t\t                                        <a href=\"https:\/\/monreysa.ch\/\">\n                                            <img alt=\"\" src=\"https:\/\/preprod.mwrealestate.ch\/wp-content\/uploads\/2024\/02\/monrey.png\">\n                                        <\/a>\n\t\t\t\t\t\t\t\t\t\n                                    <h4>PARTENAIRE<\/h4>\n                                    <p>Le g\u00e9rant de fortune sp\u00e9cialis\u00e9 dans l\u2019optimisation de strat\u00e9gies financi\u00e8res et la cr\u00e9ation de solutions patrimoniales adapt\u00e9es aux enjeux familiaux et aux int\u00e9r\u00eats particuliers.<\/p>\n                                <\/div>\n                            <\/div>\n\t\t\t\t\t\t\t\n                <\/div>\n            <\/div>\n        <\/div>\n    <\/section>\n\n\t\n\n    <!-- Objects -->\n\n    <section             class=\"objects section  \">\n        <div class=\"container\">\n            <header class=\"section-header\">\n                <h2 class=\"section-title\"><span\n                            class=\"text-primary\"><\/span><\/h2>\n            <\/header>\n            <div class=\"section-content\">\n                <div class=\"objects\">\n\t\t\t\t\t                    <img alt=\"\" class=\"img-responsive\" src=\"https:\/\/preprod.mwrealestate.ch\/wp-content\/uploads\/2016\/11\/map.png\">\n\n                    <!-- Objects -->\n\t\t\t\t\t                            <div class=\"object-label\"\n                                 style=\"left:48.5%; top: 28.3%;\">\n                                <div class=\"object-info in   \">\n                                    <h3 class=\"object-title\">Geneve &amp; Verbier, Suisse<\/h3>\n                                    <div class=\"object-content\">\n\t\t\t\t\t\t\t\t\t\tsabine@mwrealestate.ch                                    <\/div>\n                                <\/div>\n                            <\/div>\n\t\t\t\t\t\t\n                <\/div>\n            <\/div>\n        <\/div>\n    <\/section>\n\n\n\t\n\n    <!-- Contacts -->\n\n    <section             class=\"contacts section \">\n        <div class=\"container\">\n            <header class=\"section-header\">\n                <h2 class=\"section-title\">CONTACT <span class=\"text-primary\"><\/span><\/h2>\n                <strong class=\"fade-title-right\"><\/strong>\n            <\/header>\n            <div class=\"section-content\">\n                <div class=\"row-base row\">\n                    <div class=\"col-address col-base col-md-4\">\n\t\t\t\t\t\t<em>Sabine Mutsaerts-Wortelboer<\/em><br><a href=\"mailto:sabine@mwrealestate.ch\" class=\"contact-tel-link\">sabine@mwrealestate.ch<\/a><br>                    <\/div>\n                    <div class=\"col-base  col-md-8\">\n                        <form class=\"js-ajax-form\">\n                            <div class=\"row-field row\">\n                                <div class=\"col-field col-sm-6 col-md-4\">\n                                    <div class=\"form-group\">\n\n\n                                        <input type=\"text\" class=\"form-control\" name=\"name\"\n                                               placeholder=\"Nom *\">\n                                    <\/div>\n                                    <div class=\"form-group\">\n                                        <input type=\"email\" class=\"form-control\" name=\"email\" required\n                                               placeholder=\"E-mail *\">\n                                    <\/div>\n\n                                <\/div>\n                                <div class=\"col-field col-sm-6 col-md-4\">\n                                    <div class=\"form-group\">\n                                        <input type=\"tel\" class=\"form-control\" name=\"phone\"\n                                               placeholder=\"T\u00e9l\u00e9phone\">\n                                    <\/div>\n                                    <div class=\"form-group\">\n                                        <input type=\"text\" class=\"form-control\" name=\"company\"\n                                               placeholder=\" Soci\u00e9t\u00e9\">\n                                    <\/div>\n                                <\/div>\n                                <div class=\"col-field col-sm-12 col-md-4\">\n                                    <div class=\"form-group\">\n                                        <textarea name=\"message\" placeholder=\" Message *\"><\/textarea>\n                                    <\/div>\n                                <\/div>\n\n\n                                <div class=\"col-message col-field col-sm-12\">\n                                    <div class=\"form-group\">\n                                        <div class=\"success-message\"><i\n\t\t\t\t\t\t\t\t\t\t\t\t\n\n                                                    class=\"fa fa-check text-primary\"><\/i> Je vous remercie! Votre message est envoy\u00e9 avec succ\u00e8s ...<\/div>\n                                        <div class=\"error-message\">Nous sommes d\u00e9sol\u00e9s, une erreur s&#039;est produite<\/div>\n                                    <\/div>\n                                <\/div>\n                            <\/div>\n                            <div class=\"form-submit text-right\">\n                                <button type=\"submit\"\n                                        class=\"btn btn-shadow-2 wow swing\">Envoyer <i class=\"icon-next\"><\/i><\/button>\n                            <\/div>\n                        <\/form>\n                    <\/div>\n                <\/div>\n            <\/div>\n        <\/div>\n    <\/section>\n\n\t[\/vc_column][\/vc_row]<\/p>\n","protected":false},"excerpt":{"rendered":"<p>[vc_column_inner offset=\u00a0\u00bbvc_col-lg-8 vc_col-md-8&Prime;][vc_column_text el_class=\u00a0\u00bbfont-22&Prime;]Dipl\u00f4m\u00e9e de l\u2019Ecole H\u00f4teli\u00e8re de Lausanne, binationale n\u00e9erlandaise et suisse, Sabine a v\u00e9cu pr\u00e8s de la moiti\u00e9 de sa vie \u00e0 l\u2019\u00e9tranger dont les Pays Bas, Paris et Singapour. Ses [&hellip;]<\/p>\n","protected":false},"author":1,"featured_media":0,"parent":0,"menu_order":0,"comment_status":"closed","ping_status":"closed","template":"template-fullwidth.php","meta":[],"yoast_head":"<!-- This site is optimized with the Yoast SEO plugin v15.4 - https:\/\/yoast.com\/wordpress\/plugins\/seo\/ -->\n<title>\u00c0 Propos - MW Real Estate<\/title>\n<meta name=\"robots\" content=\"index, follow, max-snippet:-1, max-image-preview:large, max-video-preview:-1\" \/>\n<link rel=\"canonical\" href=\"https:\/\/preprod.mwrealestate.ch\/fr\/a-propos\/\" \/>\n<meta property=\"og:locale\" content=\"fr_FR\" \/>\n<meta property=\"og:type\" content=\"article\" \/>\n<meta property=\"og:title\" content=\"\u00c0 Propos - MW Real Estate\" \/>\n<meta property=\"og:description\" content=\"[vc_column_inner offset=\u00a0\u00bbvc_col-lg-8 vc_col-md-8&Prime;][vc_column_text el_class=\u00a0\u00bbfont-22&Prime;]Dipl\u00f4m\u00e9e de l\u2019Ecole H\u00f4teli\u00e8re de Lausanne, binationale n\u00e9erlandaise et suisse, Sabine a v\u00e9cu pr\u00e8s de la moiti\u00e9 de sa vie \u00e0 l\u2019\u00e9tranger dont les Pays Bas, Paris et Singapour. Ses [&hellip;]\" \/>\n<meta property=\"og:url\" content=\"https:\/\/preprod.mwrealestate.ch\/fr\/a-propos\/\" \/>\n<meta property=\"og:site_name\" content=\"MW Real Estate\" \/>\n<meta property=\"article:modified_time\" content=\"2024-02-20T10:58:13+00:00\" \/>\n<meta name=\"twitter:card\" content=\"summary\" \/>\n<meta name=\"twitter:label1\" content=\"\u00c9crit par\">\n\t<meta name=\"twitter:data1\" content=\"pavel\">\n\t<meta name=\"twitter:label2\" content=\"Dur\u00e9e de lecture est.\">\n\t<meta name=\"twitter:data2\" content=\"3 minutes\">\n<script type=\"application\/ld+json\" class=\"yoast-schema-graph\">{\"@context\":\"https:\/\/schema.org\",\"@graph\":[{\"@type\":\"WebSite\",\"@id\":\"https:\/\/preprod.mwrealestate.ch\/#website\",\"url\":\"https:\/\/preprod.mwrealestate.ch\/\",\"name\":\"MW Real Estate\",\"description\":\"Property management &amp; consulting\",\"potentialAction\":[{\"@type\":\"SearchAction\",\"target\":\"https:\/\/preprod.mwrealestate.ch\/?s={search_term_string}\",\"query-input\":\"required name=search_term_string\"}],\"inLanguage\":\"fr-FR\"},{\"@type\":\"WebPage\",\"@id\":\"https:\/\/preprod.mwrealestate.ch\/fr\/a-propos\/#webpage\",\"url\":\"https:\/\/preprod.mwrealestate.ch\/fr\/a-propos\/\",\"name\":\"\\u00c0 Propos - MW Real Estate\",\"isPartOf\":{\"@id\":\"https:\/\/preprod.mwrealestate.ch\/#website\"},\"datePublished\":\"2016-11-08T14:11:05+00:00\",\"dateModified\":\"2024-02-20T10:58:13+00:00\",\"inLanguage\":\"fr-FR\",\"potentialAction\":[{\"@type\":\"ReadAction\",\"target\":[\"https:\/\/preprod.mwrealestate.ch\/fr\/a-propos\/\"]}]}]}<\/script>\n<!-- \/ Yoast SEO plugin. -->","_links":{"self":[{"href":"https:\/\/preprod.mwrealestate.ch\/fr\/wp-json\/wp\/v2\/pages\/1842"}],"collection":[{"href":"https:\/\/preprod.mwrealestate.ch\/fr\/wp-json\/wp\/v2\/pages"}],"about":[{"href":"https:\/\/preprod.mwrealestate.ch\/fr\/wp-json\/wp\/v2\/types\/page"}],"author":[{"embeddable":true,"href":"https:\/\/preprod.mwrealestate.ch\/fr\/wp-json\/wp\/v2\/users\/1"}],"replies":[{"embeddable":true,"href":"https:\/\/preprod.mwrealestate.ch\/fr\/wp-json\/wp\/v2\/comments?post=1842"}],"version-history":[{"count":106,"href":"https:\/\/preprod.mwrealestate.ch\/fr\/wp-json\/wp\/v2\/pages\/1842\/revisions"}],"predecessor-version":[{"id":2758,"href":"https:\/\/preprod.mwrealestate.ch\/fr\/wp-json\/wp\/v2\/pages\/1842\/revisions\/2758"}],"wp:attachment":[{"href":"https:\/\/preprod.mwrealestate.ch\/fr\/wp-json\/wp\/v2\/media?parent=1842"}],"curies":[{"name":"wp","href":"https:\/\/api.w.org\/{rel}","templated":true}]}}